{"id":2007,"date":"2025-11-26T12:22:56","date_gmt":"2025-11-26T11:22:56","guid":{"rendered":"https:\/\/www.ard-musikwettbewerb.de\/wettbewerb-2025\/klarinette\/"},"modified":"2026-04-08T10:51:52","modified_gmt":"2026-04-08T08:51:52","slug":"stringquartet","status":"publish","type":"page","link":"https:\/\/www.ard-musikwettbewerb.de\/en\/competition-2026\/stringquartet\/","title":{"rendered":"String Quartet"},"content":{"rendered":"\n<div class=\"wp-block-cover\"><img loading=\"lazy\" decoding=\"async\" width=\"1024\" height=\"384\" class=\"wp-block-cover__image-background wp-image-2452 size-large\" alt=\"\" src=\"https:\/\/www.ard-musikwettbewerb.de\/app\/uploads\/2025\/07\/IMW_ARD_2018_Finale-Trompete_Celestin-Guerin_c-Daniel-Delang_2412-2-blur-1024x384.jpg\" data-object-fit=\"cover\" srcset=\"https:\/\/www.ard-musikwettbewerb.de\/app\/uploads\/2025\/07\/IMW_ARD_2018_Finale-Trompete_Celestin-Guerin_c-Daniel-Delang_2412-2-blur-1024x384.jpg 1024w, https:\/\/www.ard-musikwettbewerb.de\/app\/uploads\/2025\/07\/IMW_ARD_2018_Finale-Trompete_Celestin-Guerin_c-Daniel-Delang_2412-2-blur-640x240.jpg 640w, https:\/\/www.ard-musikwettbewerb.de\/app\/uploads\/2025\/07\/IMW_ARD_2018_Finale-Trompete_Celestin-Guerin_c-Daniel-Delang_2412-2-blur-300x113.jpg 300w, https:\/\/www.ard-musikwettbewerb.de\/app\/uploads\/2025\/07\/IMW_ARD_2018_Finale-Trompete_Celestin-Guerin_c-Daniel-Delang_2412-2-blur-768x288.jpg 768w, https:\/\/www.ard-musikwettbewerb.de\/app\/uploads\/2025\/07\/IMW_ARD_2018_Finale-Trompete_Celestin-Guerin_c-Daniel-Delang_2412-2-blur-1536x576.jpg 1536w, https:\/\/www.ard-musikwettbewerb.de\/app\/uploads\/2025\/07\/IMW_ARD_2018_Finale-Trompete_Celestin-Guerin_c-Daniel-Delang_2412-2-blur-2048x768.jpg 2048w, https:\/\/www.ard-musikwettbewerb.de\/app\/uploads\/2025\/07\/IMW_ARD_2018_Finale-Trompete_Celestin-Guerin_c-Daniel-Delang_2412-2-blur-1440x540.jpg 1440w, https:\/\/www.ard-musikwettbewerb.de\/app\/uploads\/2025\/07\/IMW_ARD_2018_Finale-Trompete_Celestin-Guerin_c-Daniel-Delang_2412-2-blur-300x113@2x.jpg 600w, https:\/\/www.ard-musikwettbewerb.de\/app\/uploads\/2025\/07\/IMW_ARD_2018_Finale-Trompete_Celestin-Guerin_c-Daniel-Delang_2412-2-blur-1440x540@2x.jpg 2880w\" sizes=\"auto, (max-width: 1024px) 100vw, 1024px\" \/><span aria-hidden=\"true\" class=\"wp-block-cover__background has-background-dim-0 has-background-dim\" style=\"background-color:#6f563d\"><\/span><div class=\"wp-block-cover__inner-container is-layout-constrained wp-block-cover-is-layout-constrained\">\n<p class=\"has-text-align-center has-white-color has-text-color has-link-color has-xx-large-font-size wp-elements-507660db5298af84a6985a43ea2f393c\">STRING QUARTET<\/p>\n<\/div><\/div>\n\n\n\n<details id=\"repertroire\" class=\"block-details\" open><summary class=\"block-details--summary\"><span>REPERTOIRE<\/span><\/summary><div class=\"block-details--content\"><div class=\"block-details--inner\">\n<div class=\"wp-block-columns is-layout-flex wp-container-core-columns-is-layout-28f84493 wp-block-columns-is-layout-flex\">\n<div class=\"wp-block-column is-layout-flow wp-block-column-is-layout-flow\">\n<h2 class=\"wp-block-heading\">1ST ROUND<\/h2>\n\n\n\n<h3 class=\"wp-block-heading\">One of the following string quartets<\/h3>\n\n\n\n<ul class=\"wp-block-list\">\n<li>Joseph Haydn, op. 20, op. 33, op. 50, op. 64 (except no. 1 and no. 3), op. 74, op. 76 (except no. 3)<\/li>\n\n\n\n<li>Wolfgang Amadeus Mozart, KV 80, KV 158, KV 168, KV 169, KV 171, KV 387, KV 421, KV 428, KV 458, KV 464, KV 465, KV 499, KV 575, KV 589, KV 590<\/li>\n<\/ul>\n\n\n\n<h3 class=\"wp-block-heading\">One of the following works <\/h3>\n\n\n\n<ul class=\"wp-block-list\">\n<li>Amy Beach, string quartet in one movement, op. 89<\/li>\n\n\n\n<li>Benjamin Britten, no. 1 op. 25<\/li>\n\n\n\n<li>Rebecca Clarke, Two movements for string quartet<\/li>\n\n\n\n<li>Henri Dutilleux, Ainsi la nuit<\/li>\n\n\n\n<li>Alberto Ginastera, no. 2, op. 26<\/li>\n\n\n\n<li>Paul Hindemith, op. 22<\/li>\n\n\n\n<li>Leo\u0161 Jan\u00e1cek, no. 1 (Kreutzer Sonata)<br>or no. 2 (Intimate Letters)<\/li>\n\n\n\n<li>Dmitrij Schostakowitsch, no. 4 or no. 6 or no. 9 or<br>no. 10 or no. 11 or no. 13<\/li>\n\n\n\n<li>Karol Szymanowski, no. 1 op. 37 or no. 2 op. 56<\/li>\n\n\n\n<li>Anton Webern, op. 5 or op. 9 or op. 28<\/li>\n<\/ul>\n<\/div>\n\n\n\n<div class=\"wp-block-column is-layout-flow wp-block-column-is-layout-flow\">\n<h2 class=\"wp-block-heading\">2ND ROUND<\/h2>\n\n\n\n<h3 class=\"wp-block-heading\">One of the following works<\/h3>\n\n\n\n<ul class=\"wp-block-list\">\n<li>Johannes Brahms, no. 1 or no. 2 or no. 3<\/li>\n\n\n\n<li>Antonin Dvorak, op. 96 or op. 105 or op. 106<\/li>\n\n\n\n<li>Edvard Grieg, G minor, op. 27<\/li>\n\n\n\n<li>Fanny Hensel, E flat major<\/li>\n\n\n\n<li>Felix Mendelssohn Bartholdy, op. 12 or op. 13 or op. 44<br>or op. 80<\/li>\n\n\n\n<li>Robert Schumann, no. 1 or no. 2 or no. 3<\/li>\n\n\n\n<li>Bedrich Smetana, no. 1 (From my life) or no. 2 D minor<\/li>\n<\/ul>\n\n\n\n<h3 class=\"wp-block-heading\">One of the following works <\/h3>\n\n\n\n<ul class=\"wp-block-list\">\n<li>Luciano Berio, Notturno<\/li>\n\n\n\n<li>Elliott Carter, no. 2 or no. 3 or no. 4 or no. 5<\/li>\n\n\n\n<li>Franco Donatoni, La souris sans sourire<\/li>\n\n\n\n<li>Pascal Dusapin, String quartet no. 3 or no. 4 or no. 5<\/li>\n\n\n\n<li>Sofia Gubaidulina: String quartet no. 3<\/li>\n\n\n\n<li>Konstantia Gourzi, Anajikon. The Angel in the blue garden, op. 61<\/li>\n\n\n\n<li>Hans Werner Henze, String quartet no. 1 or no. 2 or no. 3<br>or no. 5<\/li>\n\n\n\n<li>Gy\u00f6rgy Kurt\u00e1g, Officium breve<\/li>\n\n\n\n<li>Helmut Lachenmann, String quartet no. 3<\/li>\n\n\n\n<li>Wolfgang Rihm, no. 4 or no. 9<\/li>\n\n\n\n<li>J\u00f6rg Widmann, String quartet no. 1 or no. 2 or no. 3<br>or no. 4<\/li>\n\n\n\n<li>Julia Wolfe, Dig Deep<\/li>\n<\/ul>\n<\/div>\n\n\n\n<div class=\"wp-block-column is-layout-flow wp-block-column-is-layout-flow\">\n<h2 class=\"wp-block-heading\">semifinal<\/h2>\n\n\n\n<ul class=\"wp-block-list\">\n<li>Franz Schubert, String Quartet in C minor, D 703<\/li>\n\n\n\n<li>P\u0113teris Vasks, one of the 6 String Quartets<\/li>\n\n\n\n<li>Camille P\u00e9pin, Composition commissioned by<br>ARD International Music Competition 2026 (World premiere)<br>The sheet music will be supplied along with the admission to the competition. The commissioned piece may not be publicly performed prior to the competition.<\/li>\n<\/ul>\n\n\n\n<h2 class=\"wp-block-heading\">final<\/h2>\n\n\n\n<h2 class=\"wp-block-heading\">one of the following works<\/h2>\n\n\n\n<ul class=\"wp-block-list\">\n<li>Ludwig van Beethoven, op. 59 or op. 127 or op. 130 or op. 131 or op. 132 or Franz Schubert, no. 13 A minor D 804, or no. 14 D minor<br>D 810, or no. 15 G major D 887<\/li>\n\n\n\n<li>A string quartet by B\u00e9la Bart\u00f3k<\/li>\n<\/ul>\n<\/div>\n<\/div>\n<\/div><\/div><\/details>\n\n\n\n<details id=\"jury\" class=\"block-details\" open><summary class=\"block-details--summary\"><span>JURY<br> <\/span><\/summary><div class=\"block-details--content\"><div class=\"block-details--inner\">\n<div class=\"wp-block-columns is-layout-flex wp-container-core-columns-is-layout-28f84493 wp-block-columns-is-layout-flex\">\n<div class=\"wp-block-column is-layout-flow wp-block-column-is-layout-flow\">\n<p>Vineta Sareika, Germany\/Latvia, Chairwoman<br>Pierre Colombet, France<br>Veronika Hagen, Austria<br>Fran\u00e7ois Kieffer, France<br>Asbj\u00f8rn N\u00f8rgaard, Denmark<br>Arnau Tom\u00e0s Realp, Spain<br>Pawel Zalejski, Poland<\/p>\n\n\n\n<p><\/p>\n<\/div>\n<\/div>\n\n\n<div class=\"musicians-slider\"><header class=\"musicians-slider--header\">Jury <\/header><swiper-container init=\"false\" loop=\"true\" slides-per-view=\"auto\" space-between=\"2\" class=\"musicians-slider--slider\"><swiper-slide class=\"musicians-slider--slide\"><a href=\"https:\/\/www.ard-musikwettbewerb.de\/en\/musician\/vineta-sareika\/\" rel=\"bookmark\"><div class=\"musicians-slider--image\"><img loading=\"lazy\" decoding=\"async\" width=\"320\" height=\"540\" src=\"https:\/\/www.ard-musikwettbewerb.de\/app\/uploads\/2026\/03\/Vineta-Sareika-Foto-Nikolaj-Lund-320x540.jpg\" class=\"attachment-musicians-list size-musicians-list wp-post-image\" alt=\"\" srcset=\"https:\/\/www.ard-musikwettbewerb.de\/app\/uploads\/2026\/03\/Vineta-Sareika-Foto-Nikolaj-Lund-320x540.jpg 320w, https:\/\/www.ard-musikwettbewerb.de\/app\/uploads\/2026\/03\/Vineta-Sareika-Foto-Nikolaj-Lund-320x540@2x.jpg 640w\" sizes=\"auto, (max-width: 320px) 100vw, 320px\" \/><\/div><div class=\"musicians-slider--content\"><h3>Vineta Sareika<\/h3><ul class=\"instruments--list\"><li class=\"instruments--item\"><span class=\"tag\">Streichquartett<\/span><\/li><\/ul><\/div><\/a><\/swiper-slide><swiper-slide class=\"musicians-slider--slide\"><a href=\"https:\/\/www.ard-musikwettbewerb.de\/en\/musician\/pierre-colombet\/\" rel=\"bookmark\"><div class=\"musicians-slider--image\"><img loading=\"lazy\" decoding=\"async\" width=\"320\" height=\"540\" src=\"https:\/\/www.ard-musikwettbewerb.de\/app\/uploads\/2026\/03\/Pierre-ColombetcChristian-Palm-Green-Room-Creatives-320x540.jpg\" class=\"attachment-musicians-list size-musicians-list wp-post-image\" alt=\"\" srcset=\"https:\/\/www.ard-musikwettbewerb.de\/app\/uploads\/2026\/03\/Pierre-ColombetcChristian-Palm-Green-Room-Creatives-320x540.jpg 320w, https:\/\/www.ard-musikwettbewerb.de\/app\/uploads\/2026\/03\/Pierre-ColombetcChristian-Palm-Green-Room-Creatives-320x540@2x.jpg 640w\" sizes=\"auto, (max-width: 320px) 100vw, 320px\" \/><\/div><div class=\"musicians-slider--content\"><h3>Pierre Colombet<\/h3><ul class=\"instruments--list\"><li class=\"instruments--item\"><span class=\"tag\">Streichquartett<\/span><\/li><\/ul><\/div><\/a><\/swiper-slide><swiper-slide class=\"musicians-slider--slide\"><a href=\"https:\/\/www.ard-musikwettbewerb.de\/en\/musician\/veronika-hagen-di-ronza\/\" rel=\"bookmark\"><div class=\"musicians-slider--image\"><img loading=\"lazy\" decoding=\"async\" width=\"320\" height=\"540\" src=\"https:\/\/www.ard-musikwettbewerb.de\/app\/uploads\/2026\/03\/Veronika-Hagen-320x540.jpg\" class=\"attachment-musicians-list size-musicians-list wp-post-image\" alt=\"\" srcset=\"https:\/\/www.ard-musikwettbewerb.de\/app\/uploads\/2026\/03\/Veronika-Hagen-320x540.jpg 320w, https:\/\/www.ard-musikwettbewerb.de\/app\/uploads\/2026\/03\/Veronika-Hagen-320x540@2x.jpg 640w\" sizes=\"auto, (max-width: 320px) 100vw, 320px\" \/><\/div><div class=\"musicians-slider--content\"><h3>Veronika Hagen-Di Ronza<\/h3><ul class=\"instruments--list\"><li class=\"instruments--item\"><span class=\"tag\">Streichquartett<\/span><\/li><\/ul><\/div><\/a><\/swiper-slide><swiper-slide class=\"musicians-slider--slide\"><a href=\"https:\/\/www.ard-musikwettbewerb.de\/en\/musician\/francois-kieffer\/\" rel=\"bookmark\"><div class=\"musicians-slider--image\"><img loading=\"lazy\" decoding=\"async\" width=\"320\" height=\"540\" src=\"https:\/\/www.ard-musikwettbewerb.de\/app\/uploads\/2026\/03\/Francois-Kieffer_-by-_Luc_Braquet-320x540.jpeg\" class=\"attachment-musicians-list size-musicians-list wp-post-image\" alt=\"\" srcset=\"https:\/\/www.ard-musikwettbewerb.de\/app\/uploads\/2026\/03\/Francois-Kieffer_-by-_Luc_Braquet-320x540.jpeg 320w, https:\/\/www.ard-musikwettbewerb.de\/app\/uploads\/2026\/03\/Francois-Kieffer_-by-_Luc_Braquet-320x540@2x.jpeg 640w\" sizes=\"auto, (max-width: 320px) 100vw, 320px\" \/><\/div><div class=\"musicians-slider--content\"><h3>Fran\u00e7ois Kieffer<\/h3><ul class=\"instruments--list\"><li class=\"instruments--item\"><span class=\"tag\">Streichquartett<\/span><\/li><\/ul><\/div><\/a><\/swiper-slide><swiper-slide class=\"musicians-slider--slide\"><a href=\"https:\/\/www.ard-musikwettbewerb.de\/en\/musician\/asbjoern-noergaard\/\" rel=\"bookmark\"><div class=\"musicians-slider--image\"><img loading=\"lazy\" decoding=\"async\" width=\"320\" height=\"540\" src=\"https:\/\/www.ard-musikwettbewerb.de\/app\/uploads\/2026\/03\/Asbjorn-NorgaardcCaroline-Bittencourt-320x540.jpg\" class=\"attachment-musicians-list size-musicians-list wp-post-image\" alt=\"\" srcset=\"https:\/\/www.ard-musikwettbewerb.de\/app\/uploads\/2026\/03\/Asbjorn-NorgaardcCaroline-Bittencourt-320x540.jpg 320w, https:\/\/www.ard-musikwettbewerb.de\/app\/uploads\/2026\/03\/Asbjorn-NorgaardcCaroline-Bittencourt-320x540@2x.jpg 640w\" sizes=\"auto, (max-width: 320px) 100vw, 320px\" \/><\/div><div class=\"musicians-slider--content\"><h3>Asbj\u00f8rn N\u00f8rgaard<\/h3><ul class=\"instruments--list\"><li class=\"instruments--item\"><span class=\"tag\">Streichquartett<\/span><\/li><\/ul><\/div><\/a><\/swiper-slide><swiper-slide class=\"musicians-slider--slide\"><a href=\"https:\/\/www.ard-musikwettbewerb.de\/en\/musician\/arnau-tomas-realp\/\" rel=\"bookmark\"><div class=\"musicians-slider--image\"><img loading=\"lazy\" decoding=\"async\" width=\"320\" height=\"540\" src=\"https:\/\/www.ard-musikwettbewerb.de\/app\/uploads\/2026\/03\/Arnau-Tomas-320x540.jpg\" class=\"attachment-musicians-list size-musicians-list wp-post-image\" alt=\"\" srcset=\"https:\/\/www.ard-musikwettbewerb.de\/app\/uploads\/2026\/03\/Arnau-Tomas-320x540.jpg 320w, https:\/\/www.ard-musikwettbewerb.de\/app\/uploads\/2026\/03\/Arnau-Tomas-320x540@2x.jpg 640w\" sizes=\"auto, (max-width: 320px) 100vw, 320px\" \/><\/div><div class=\"musicians-slider--content\"><h3>Arnau Tom\u00e0s Realp<\/h3><ul class=\"instruments--list\"><li class=\"instruments--item\"><span class=\"tag\">Streichquartett<\/span><\/li><\/ul><\/div><\/a><\/swiper-slide><swiper-slide class=\"musicians-slider--slide\"><a href=\"https:\/\/www.ard-musikwettbewerb.de\/en\/musician\/pawel-zalejski\/\" rel=\"bookmark\"><div class=\"musicians-slider--image\"><img loading=\"lazy\" decoding=\"async\" width=\"320\" height=\"540\" src=\"https:\/\/www.ard-musikwettbewerb.de\/app\/uploads\/2026\/03\/Pawel-Zalejski-320x540.jpg\" class=\"attachment-musicians-list size-musicians-list wp-post-image\" alt=\"\" srcset=\"https:\/\/www.ard-musikwettbewerb.de\/app\/uploads\/2026\/03\/Pawel-Zalejski-320x540.jpg 320w, https:\/\/www.ard-musikwettbewerb.de\/app\/uploads\/2026\/03\/Pawel-Zalejski-320x540@2x.jpg 640w\" sizes=\"auto, (max-width: 320px) 100vw, 320px\" \/><\/div><div class=\"musicians-slider--content\"><h3>Pawel Zalejski<\/h3><ul class=\"instruments--list\"><li class=\"instruments--item\"><span class=\"tag\">Streichquartett<\/span><\/li><\/ul><\/div><\/a><\/swiper-slide><div slot=\"container-start\">\n    <a class=\"slider-prev\">\u2190<\/a>\n    <a class=\"slider-next\">\u2192<\/a>\n  <\/div><\/swiper-container><\/div><\/div><\/div><\/details>\n","protected":false},"excerpt":{"rendered":"","protected":false},"author":1,"featured_media":0,"parent":2005,"menu_order":0,"comment_status":"closed","ping_status":"closed","template":"","meta":{"_acf_changed":false,"_relevanssi_hide_post":"","_relevanssi_hide_content":"","_relevanssi_pin_for_all":"","_relevanssi_pin_keywords":"","_relevanssi_unpin_keywords":"","_relevanssi_related_keywords":"","_relevanssi_related_include_ids":"","_relevanssi_related_exclude_ids":"","_relevanssi_related_no_append":"","_relevanssi_related_not_related":"","_relevanssi_related_posts":"","_relevanssi_noindex_reason":"","footnotes":""},"class_list":["post-2007","page","type-page","status-publish","hentry"],"acf":[],"_links":{"self":[{"href":"https:\/\/www.ard-musikwettbewerb.de\/en\/wp-json\/wp\/v2\/pages\/2007","targetHints":{"allow":["GET"]}}],"collection":[{"href":"https:\/\/www.ard-musikwettbewerb.de\/en\/wp-json\/wp\/v2\/pages"}],"about":[{"href":"https:\/\/www.ard-musikwettbewerb.de\/en\/wp-json\/wp\/v2\/types\/page"}],"author":[{"embeddable":true,"href":"https:\/\/www.ard-musikwettbewerb.de\/en\/wp-json\/wp\/v2\/users\/1"}],"replies":[{"embeddable":true,"href":"https:\/\/www.ard-musikwettbewerb.de\/en\/wp-json\/wp\/v2\/comments?post=2007"}],"version-history":[{"count":42,"href":"https:\/\/www.ard-musikwettbewerb.de\/en\/wp-json\/wp\/v2\/pages\/2007\/revisions"}],"predecessor-version":[{"id":9847,"href":"https:\/\/www.ard-musikwettbewerb.de\/en\/wp-json\/wp\/v2\/pages\/2007\/revisions\/9847"}],"up":[{"embeddable":true,"href":"https:\/\/www.ard-musikwettbewerb.de\/en\/wp-json\/wp\/v2\/pages\/2005"}],"wp:attachment":[{"href":"https:\/\/www.ard-musikwettbewerb.de\/en\/wp-json\/wp\/v2\/media?parent=2007"}],"curies":[{"name":"wp","href":"https:\/\/api.w.org\/{rel}","templated":true}]}}