{"id":8498,"date":"2025-11-26T15:33:39","date_gmt":"2025-11-26T14:33:39","guid":{"rendered":"https:\/\/www.ard-musikwettbewerb.de\/?page_id=8498"},"modified":"2026-04-08T10:48:56","modified_gmt":"2026-04-08T08:48:56","slug":"bassoon","status":"publish","type":"page","link":"https:\/\/www.ard-musikwettbewerb.de\/en\/competition-2026\/bassoon\/","title":{"rendered":"Bassoon"},"content":{"rendered":"\n<div class=\"wp-block-cover\"><img loading=\"lazy\" decoding=\"async\" width=\"1024\" height=\"384\" class=\"wp-block-cover__image-background wp-image-2452 size-large\" alt=\"\" src=\"https:\/\/www.ard-musikwettbewerb.de\/app\/uploads\/2025\/07\/IMW_ARD_2018_Finale-Trompete_Celestin-Guerin_c-Daniel-Delang_2412-2-blur-1024x384.jpg\" data-object-fit=\"cover\" srcset=\"https:\/\/www.ard-musikwettbewerb.de\/app\/uploads\/2025\/07\/IMW_ARD_2018_Finale-Trompete_Celestin-Guerin_c-Daniel-Delang_2412-2-blur-1024x384.jpg 1024w, https:\/\/www.ard-musikwettbewerb.de\/app\/uploads\/2025\/07\/IMW_ARD_2018_Finale-Trompete_Celestin-Guerin_c-Daniel-Delang_2412-2-blur-640x240.jpg 640w, https:\/\/www.ard-musikwettbewerb.de\/app\/uploads\/2025\/07\/IMW_ARD_2018_Finale-Trompete_Celestin-Guerin_c-Daniel-Delang_2412-2-blur-300x113.jpg 300w, https:\/\/www.ard-musikwettbewerb.de\/app\/uploads\/2025\/07\/IMW_ARD_2018_Finale-Trompete_Celestin-Guerin_c-Daniel-Delang_2412-2-blur-768x288.jpg 768w, https:\/\/www.ard-musikwettbewerb.de\/app\/uploads\/2025\/07\/IMW_ARD_2018_Finale-Trompete_Celestin-Guerin_c-Daniel-Delang_2412-2-blur-1536x576.jpg 1536w, https:\/\/www.ard-musikwettbewerb.de\/app\/uploads\/2025\/07\/IMW_ARD_2018_Finale-Trompete_Celestin-Guerin_c-Daniel-Delang_2412-2-blur-2048x768.jpg 2048w, https:\/\/www.ard-musikwettbewerb.de\/app\/uploads\/2025\/07\/IMW_ARD_2018_Finale-Trompete_Celestin-Guerin_c-Daniel-Delang_2412-2-blur-1440x540.jpg 1440w, https:\/\/www.ard-musikwettbewerb.de\/app\/uploads\/2025\/07\/IMW_ARD_2018_Finale-Trompete_Celestin-Guerin_c-Daniel-Delang_2412-2-blur-300x113@2x.jpg 600w, https:\/\/www.ard-musikwettbewerb.de\/app\/uploads\/2025\/07\/IMW_ARD_2018_Finale-Trompete_Celestin-Guerin_c-Daniel-Delang_2412-2-blur-1440x540@2x.jpg 2880w\" sizes=\"auto, (max-width: 1024px) 100vw, 1024px\" \/><span aria-hidden=\"true\" class=\"wp-block-cover__background has-background-dim-0 has-background-dim\" style=\"background-color:#6f563d\"><\/span><div class=\"wp-block-cover__inner-container is-layout-constrained wp-block-cover-is-layout-constrained\">\n<p class=\"has-text-align-center has-white-color has-text-color has-link-color has-xx-large-font-size wp-elements-1ad9501b508072d7f0243c9b603bdf3b\">BASSOON<\/p>\n<\/div><\/div>\n\n\n\n<details id=\"repertroire\" class=\"block-details\" open><summary class=\"block-details--summary\"><span>REPERTOIRE<\/span><\/summary><div class=\"block-details--content\"><div class=\"block-details--inner\">\n<div class=\"wp-block-columns is-layout-flex wp-container-core-columns-is-layout-28f84493 wp-block-columns-is-layout-flex\">\n<div class=\"wp-block-column is-layout-flow wp-block-column-is-layout-flow\">\n<h2 class=\"wp-block-heading\">1ST ROUND<\/h2>\n\n\n\n<h3 class=\"wp-block-heading\">One of the following works<\/h3>\n\n\n\n<ul class=\"wp-block-list\">\n<li>Ferdinand David, Concertino B flat major op. 12<\/li>\n\n\n\n<li>Johann Wenzel Kalliwoda, Variations and Rondo op. 57<\/li>\n\n\n\n<li>Conradin Kreutzer, Variations B flat major<\/li>\n\n\n\n<li>Carl Maria von Weber, Andante e Rondo Ungarese op. 35<\/li>\n<\/ul>\n\n\n\n<h3 class=\"wp-block-heading\">One of the following concertos<\/h3>\n\n\n\n<ul class=\"wp-block-list\">\n<li>Marcel Bitsch, Concertino<\/li>\n\n\n\n<li>Roger Boutry, Interf\u00e9rences I<\/li>\n\n\n\n<li>Henri Dutilleux, Sarabande et Cort\u00e8ge<\/li>\n\n\n\n<li>Jacqueline Fontyn: Zephyr<\/li>\n\n\n\n<li>Charles Koechlin, Sonata op. 71<\/li>\n\n\n\n<li>Francisco Mignone, Concertino<\/li>\n\n\n\n<li>Kees Olthuis, Toccata<\/li>\n\n\n\n<li>Heitor Villa-Lobos, Ciranda das Sete Notas<\/li>\n<\/ul>\n<\/div>\n\n\n\n<div class=\"wp-block-column is-layout-flow wp-block-column-is-layout-flow\">\n<h2 class=\"wp-block-heading\">2ND ROUND<\/h2>\n\n\n\n<h3 class=\"wp-block-heading\">One of the following sonatas<\/h3>\n\n\n\n<ul class=\"wp-block-list\">\n<li>Fran\u00e7ois Devienne, Sonata op. 24 or<\/li>\n\n\n\n<li>Sonata without opus number<\/li>\n\n\n\n<li>Georg Phillip Telemann, Sonata F minor TWV 41:f1<br>(with cembalo accompaniment)<\/li>\n<\/ul>\n\n\n\n<h3 class=\"wp-block-heading\">One of the following works<\/h3>\n\n\n\n<ul class=\"wp-block-list\">\n<li>Camille Saint-Sa\u00ebns, Sonata op. 168<\/li>\n\n\n\n<li>Robert Schumann, Fantasy Pieces op. 73<\/li>\n\n\n\n<li>Robert Schumann, Five Pieces in Folk Style op. 102<\/li>\n\n\n\n<li>Antonio Torriani, Divertimento on themes from Donizetti\u2019s \u201eLucia di Lammermoor\u201c<\/li>\n<\/ul>\n\n\n\n<h3 class=\"wp-block-heading\">One of the following works<\/h3>\n\n\n\n<ul class=\"wp-block-list\">\n<li>Dai Fujikura, Calling<\/li>\n\n\n\n<li>Mar\u00eda de Frutos, \u00c9quilibre <br>(scores can be ordered by email to info@afoes.es)<\/li>\n\n\n\n<li>Liza Lim, Axis Mundi<\/li>\n\n\n\n<li>Olga Neuwirth, Torsion<\/li>\n\n\n\n<li>Gotthard Odermatt, Five Miniatures op. 20 <br>(scores can be ordered here: gotthardodermatt.ch)<\/li>\n\n\n\n<li>Andr\u00e9s Felipe Poveda, Figuras <br>(scores can be ordered by email to: andrespoveda@escuelareinasofia.es)<\/li>\n\n\n\n<li>Johannes Maria Staud, Celluloid<\/li>\n\n\n\n<li>Isang Yun, Monologue<\/li>\n<\/ul>\n<\/div>\n\n\n\n<div class=\"wp-block-column is-layout-flow wp-block-column-is-layout-flow\">\n<h2 class=\"wp-block-heading\">SEMIFINAL<\/h2>\n\n\n\n<p>with the Munich Chamber Orchestra (without conductor)<br><\/p>\n\n\n\n<h3 class=\"wp-block-heading\">One of the following concertos by Antonio Vivaldi<\/h3>\n\n\n\n<ul class=\"wp-block-list\">\n<li>Nr. 1 RV 501, B flat major (La Notte)<\/li>\n\n\n\n<li>Nr. 2 RV 498, A minor<\/li>\n\n\n\n<li>Nr. 5 RV 481, D minor<\/li>\n\n\n\n<li>Nr. 11 RV 496, G minor<\/li>\n\n\n\n<li>Nr. 18 RV 467, C major<\/li>\n\n\n\n<li>Nr. 19 RV 488, F major<\/li>\n\n\n\n<li>Nr. 21 RV 475, C major<\/li>\n\n\n\n<li>Nr. 27 RV 483, E flat major<\/li>\n\n\n\n<li>Nr. 29 RV 492, G major<\/li>\n\n\n\n<li>Nr. 32 RV 490, F major<\/li>\n<\/ul>\n\n\n\n<ul class=\"wp-block-list\">\n<li>Jean Fran\u00e7aix, Concert (Ed. Schott)<br><\/li>\n\n\n\n<li>Nina \u0160enk, Composition commissioned by <br>ARD International Music Competition 2026 (World premiere)<br>The sheet music will be supplied along with the admission to the competition. The commissioned piece may not be publicly performed prior to the competition.<\/li>\n<\/ul>\n\n\n\n<h2 class=\"wp-block-heading\">FINAL<\/h2>\n\n\n\n<p>with the Symphony Orchestra of Bayerischen Rundfunk<\/p>\n\n\n\n<h3 class=\"wp-block-heading\">One of the following works<\/h3>\n\n\n\n<ul class=\"wp-block-list\">\n<li>W. A. Mozart Konzert B-Dur KV 191 (Ed. B\u00e4renreiter)<\/li>\n\n\n\n<li>Johann Nepomuk Hummel, Konzert F-Dur (Ed. Vita Musica)<\/li>\n\n\n\n<li>Carl Maria von Weber, Konzert F-Dur op. 75 (Ed. Breitkopf)<\/li>\n<\/ul>\n<\/div>\n<\/div>\n<\/div><\/div><\/details>\n\n\n\n<details id=\"jury\" class=\"block-details\" open><summary class=\"block-details--summary\"><span>JURY<br> <\/span><\/summary><div class=\"block-details--content\"><div class=\"block-details--inner\">\n<div class=\"wp-block-columns is-layout-flex wp-container-core-columns-is-layout-28f84493 wp-block-columns-is-layout-flex\">\n<div class=\"wp-block-column is-layout-flow wp-block-column-is-layout-flow\">\n<p>Gustavo N\u00fa\u00f1ez, Uruguay, Chairman<br>Sophie Dervaux, France<br>Krisztina Faludy, Austria<br>Andrea Merenzon, Argentina<br>Maria Jos\u00e9 Rielo Blanco, Spain<br>Johannes Schwarz, Germany<br>Eyal Streett, Israel<\/p>\n\n\n\n<p><\/p>\n<\/div>\n<\/div>\n\n\n<div class=\"musicians-slider\"><header class=\"musicians-slider--header\">Jury <\/header><swiper-container init=\"false\" loop=\"true\" slides-per-view=\"auto\" space-between=\"2\" class=\"musicians-slider--slider\"><swiper-slide class=\"musicians-slider--slide\"><a href=\"https:\/\/www.ard-musikwettbewerb.de\/en\/musician\/gustavo-nunez\/\" rel=\"bookmark\"><div class=\"musicians-slider--image\"><img loading=\"lazy\" decoding=\"async\" width=\"320\" height=\"540\" src=\"https:\/\/www.ard-musikwettbewerb.de\/app\/uploads\/2026\/03\/Gustavo-Nunez-e1774623159885-320x540.jpg\" class=\"attachment-musicians-list size-musicians-list wp-post-image\" alt=\"\" \/><\/div><div class=\"musicians-slider--content\"><h3>Gustavo N\u00fa\u00f1ez<\/h3><ul class=\"instruments--list\"><li class=\"instruments--item\"><span class=\"tag\">Fagott<\/span><\/li><\/ul><\/div><\/a><\/swiper-slide><swiper-slide class=\"musicians-slider--slide\"><a href=\"https:\/\/www.ard-musikwettbewerb.de\/en\/musician\/sophie-dervaux\/\" rel=\"bookmark\"><div class=\"musicians-slider--image\"><img loading=\"lazy\" decoding=\"async\" width=\"320\" height=\"540\" src=\"https:\/\/www.ard-musikwettbewerb.de\/app\/uploads\/2026\/03\/\u00a9Marco-Borggreve-e1774623478731-320x540.jpeg\" class=\"attachment-musicians-list size-musicians-list wp-post-image\" alt=\"\" \/><\/div><div class=\"musicians-slider--content\"><h3>Sophie Dervaux<\/h3><ul class=\"instruments--list\"><li class=\"instruments--item\"><span class=\"tag\">Fagott<\/span><\/li><\/ul><\/div><\/a><\/swiper-slide><swiper-slide class=\"musicians-slider--slide\"><a href=\"https:\/\/www.ard-musikwettbewerb.de\/en\/musician\/krisztina-faludy\/\" rel=\"bookmark\"><div class=\"musicians-slider--image\"><img loading=\"lazy\" decoding=\"async\" width=\"320\" height=\"540\" src=\"https:\/\/www.ard-musikwettbewerb.de\/app\/uploads\/2026\/03\/Krisztina-Faludy-320x540.jpg\" class=\"attachment-musicians-list size-musicians-list wp-post-image\" alt=\"\" srcset=\"https:\/\/www.ard-musikwettbewerb.de\/app\/uploads\/2026\/03\/Krisztina-Faludy-320x540.jpg 320w, https:\/\/www.ard-musikwettbewerb.de\/app\/uploads\/2026\/03\/Krisztina-Faludy-320x540@2x.jpg 640w\" sizes=\"auto, (max-width: 320px) 100vw, 320px\" \/><\/div><div class=\"musicians-slider--content\"><h3>Krisztina Faludy<\/h3><ul class=\"instruments--list\"><li class=\"instruments--item\"><span class=\"tag\">Fagott<\/span><\/li><\/ul><\/div><\/a><\/swiper-slide><swiper-slide class=\"musicians-slider--slide\"><a href=\"https:\/\/www.ard-musikwettbewerb.de\/en\/musician\/andrea-merenzon\/\" rel=\"bookmark\"><div class=\"musicians-slider--image\"><img loading=\"lazy\" decoding=\"async\" width=\"320\" height=\"540\" src=\"https:\/\/www.ard-musikwettbewerb.de\/app\/uploads\/2026\/03\/Andrea-Merenzon-e1774960312289-320x540.jpg\" class=\"attachment-musicians-list size-musicians-list wp-post-image\" alt=\"\" \/><\/div><div class=\"musicians-slider--content\"><h3>Andrea Merenzon<\/h3><ul class=\"instruments--list\"><li class=\"instruments--item\"><span class=\"tag\">Fagott<\/span><\/li><\/ul><\/div><\/a><\/swiper-slide><swiper-slide class=\"musicians-slider--slide\"><a href=\"https:\/\/www.ard-musikwettbewerb.de\/en\/musician\/maria-jose-rielo-blanco-2\/\" rel=\"bookmark\"><div class=\"musicians-slider--image\"><img loading=\"lazy\" decoding=\"async\" width=\"320\" height=\"540\" src=\"https:\/\/www.ard-musikwettbewerb.de\/app\/uploads\/2026\/03\/Maria-Jose-Rielo-Blanco-320x540.jpg\" class=\"attachment-musicians-list size-musicians-list wp-post-image\" alt=\"\" \/><\/div><div class=\"musicians-slider--content\"><h3>Maria Jos\u00e9 Rielo Blanco<\/h3><ul class=\"instruments--list\"><li class=\"instruments--item\"><span class=\"tag\">Fagott<\/span><\/li><\/ul><\/div><\/a><\/swiper-slide><swiper-slide class=\"musicians-slider--slide\"><a href=\"https:\/\/www.ard-musikwettbewerb.de\/en\/musician\/johannes-schwarz\/\" rel=\"bookmark\"><div class=\"musicians-slider--image\"><img loading=\"lazy\" decoding=\"async\" width=\"320\" height=\"540\" src=\"https:\/\/www.ard-musikwettbewerb.de\/app\/uploads\/2026\/03\/Johannes-Schwarz\u00a9-Wonge-Bergmann-320x540.jpg\" class=\"attachment-musicians-list size-musicians-list wp-post-image\" alt=\"\" srcset=\"https:\/\/www.ard-musikwettbewerb.de\/app\/uploads\/2026\/03\/Johannes-Schwarz\u00a9-Wonge-Bergmann-320x540.jpg 320w, https:\/\/www.ard-musikwettbewerb.de\/app\/uploads\/2026\/03\/Johannes-Schwarz\u00a9-Wonge-Bergmann-320x540@2x.jpg 640w\" sizes=\"auto, (max-width: 320px) 100vw, 320px\" \/><\/div><div class=\"musicians-slider--content\"><h3>Johannes Schwarz<\/h3><ul class=\"instruments--list\"><li class=\"instruments--item\"><span class=\"tag\">Fagott<\/span><\/li><\/ul><\/div><\/a><\/swiper-slide><swiper-slide class=\"musicians-slider--slide\"><a href=\"https:\/\/www.ard-musikwettbewerb.de\/en\/musician\/eyal-streett\/\" rel=\"bookmark\"><div class=\"musicians-slider--image\"><img loading=\"lazy\" decoding=\"async\" width=\"320\" height=\"540\" src=\"https:\/\/www.ard-musikwettbewerb.de\/app\/uploads\/2026\/03\/Eyal-Streett\u00a9volker-renner-320x540.jpg\" class=\"attachment-musicians-list size-musicians-list wp-post-image\" alt=\"\" srcset=\"https:\/\/www.ard-musikwettbewerb.de\/app\/uploads\/2026\/03\/Eyal-Streett\u00a9volker-renner-320x540.jpg 320w, https:\/\/www.ard-musikwettbewerb.de\/app\/uploads\/2026\/03\/Eyal-Streett\u00a9volker-renner-320x540@2x.jpg 640w\" sizes=\"auto, (max-width: 320px) 100vw, 320px\" \/><\/div><div class=\"musicians-slider--content\"><h3>Eyal Streett<\/h3><ul class=\"instruments--list\"><li class=\"instruments--item\"><span class=\"tag\">Fagott<\/span><\/li><\/ul><\/div><\/a><\/swiper-slide><div slot=\"container-start\">\n    <a class=\"slider-prev\">\u2190<\/a>\n    <a class=\"slider-next\">\u2192<\/a>\n  <\/div><\/swiper-container><\/div><\/div><\/div><\/details>\n","protected":false},"excerpt":{"rendered":"","protected":false},"author":8,"featured_media":0,"parent":2005,"menu_order":0,"comment_status":"closed","ping_status":"closed","template":"","meta":{"_acf_changed":false,"_relevanssi_hide_post":"","_relevanssi_hide_content":"","_relevanssi_pin_for_all":"","_relevanssi_pin_keywords":"","_relevanssi_unpin_keywords":"","_relevanssi_related_keywords":"","_relevanssi_related_include_ids":"","_relevanssi_related_exclude_ids":"","_relevanssi_related_no_append":"","_relevanssi_related_not_related":"","_relevanssi_related_posts":"","_relevanssi_noindex_reason":"","footnotes":""},"class_list":["post-8498","page","type-page","status-publish","hentry"],"acf":[],"_links":{"self":[{"href":"https:\/\/www.ard-musikwettbewerb.de\/en\/wp-json\/wp\/v2\/pages\/8498","targetHints":{"allow":["GET"]}}],"collection":[{"href":"https:\/\/www.ard-musikwettbewerb.de\/en\/wp-json\/wp\/v2\/pages"}],"about":[{"href":"https:\/\/www.ard-musikwettbewerb.de\/en\/wp-json\/wp\/v2\/types\/page"}],"author":[{"embeddable":true,"href":"https:\/\/www.ard-musikwettbewerb.de\/en\/wp-json\/wp\/v2\/users\/8"}],"replies":[{"embeddable":true,"href":"https:\/\/www.ard-musikwettbewerb.de\/en\/wp-json\/wp\/v2\/comments?post=8498"}],"version-history":[{"count":7,"href":"https:\/\/www.ard-musikwettbewerb.de\/en\/wp-json\/wp\/v2\/pages\/8498\/revisions"}],"predecessor-version":[{"id":9844,"href":"https:\/\/www.ard-musikwettbewerb.de\/en\/wp-json\/wp\/v2\/pages\/8498\/revisions\/9844"}],"up":[{"embeddable":true,"href":"https:\/\/www.ard-musikwettbewerb.de\/en\/wp-json\/wp\/v2\/pages\/2005"}],"wp:attachment":[{"href":"https:\/\/www.ard-musikwettbewerb.de\/en\/wp-json\/wp\/v2\/media?parent=8498"}],"curies":[{"name":"wp","href":"https:\/\/api.w.org\/{rel}","templated":true}]}}